{"id":849,"date":"2024-06-26T19:04:58","date_gmt":"2024-06-26T19:04:58","guid":{"rendered":"https:\/\/captainsbet.co\/home\/"},"modified":"2025-02-06T13:03:38","modified_gmt":"2025-02-06T13:03:38","slug":"home","status":"publish","type":"page","link":"https:\/\/captainsbet.co\/es\/","title":{"rendered":"Home"},"content":{"rendered":"","protected":false},"excerpt":{"rendered":"","protected":false},"author":1,"featured_media":0,"parent":0,"menu_order":0,"comment_status":"closed","ping_status":"closed","template":"views\/page-home.php","meta":{"footnotes":""},"class_list":["post-849","page","type-page","status-publish","hentry"],"acf":[],"yoast_head":"<!-- This site is optimized with the Yoast SEO plugin v22.9 - https:\/\/yoast.com\/wordpress\/plugins\/seo\/ -->\n<title>CaptainsBet Espa\u00f1a. El mejor sitio de apuestas y casino online<\/title>\n<meta name=\"description\" content=\"CaptainsBet es un sitio de apuestas y casino online l\u00edder en Espa\u00f1a. Disfrute de cuotas de apuestas competitivas y una amplia gama de juegos de tragamonedas.\" \/>\n<meta name=\"robots\" content=\"index, follow, max-snippet:-1, max-image-preview:large, max-video-preview:-1\" \/>\n<link rel=\"canonical\" href=\"https:\/\/captainsbet.co\/es\/\" \/>\n<meta property=\"og:locale\" content=\"es_ES\" \/>\n<meta property=\"og:type\" content=\"article\" \/>\n<meta property=\"og:url\" content=\"https:\/\/captainsbet.co\/es\/\" \/>\n<meta property=\"og:site_name\" content=\"CaptainsBet\" \/>\n<meta property=\"article:modified_time\" content=\"2025-02-06T13:03:38+00:00\" \/>\n<script type=\"application\/ld+json\" class=\"yoast-schema-graph\">{\"@context\":\"https:\/\/schema.org\",\"@graph\":[{\"@type\":\"WebPage\",\"@id\":\"https:\/\/captainsbet.co\/es\/\",\"url\":\"https:\/\/captainsbet.co\/es\/\",\"name\":\"CaptainsBet Espa\u00f1a. El mejor sitio de apuestas y casino online\",\"isPartOf\":{\"@id\":\"https:\/\/captainsbet.co\/#website\"},\"datePublished\":\"2024-06-26T19:04:58+00:00\",\"dateModified\":\"2025-02-06T13:03:38+00:00\",\"description\":\"CaptainsBet es un sitio de apuestas y casino online l\u00edder en Espa\u00f1a. Disfrute de cuotas de apuestas competitivas y una amplia gama de juegos de tragamonedas.\",\"breadcrumb\":{\"@id\":\"https:\/\/captainsbet.co\/es\/#breadcrumb\"},\"inLanguage\":\"es\",\"potentialAction\":[{\"@type\":\"ReadAction\",\"target\":[\"https:\/\/captainsbet.co\/es\/\"]}]},{\"@type\":\"BreadcrumbList\",\"@id\":\"https:\/\/captainsbet.co\/es\/#breadcrumb\",\"itemListElement\":[{\"@type\":\"ListItem\",\"position\":1,\"name\":\"CaptainsBet\",\"item\":\"https:\/\/captainsbet.co\/es\/\"},{\"@type\":\"ListItem\",\"position\":2,\"name\":\"Home\"}]},{\"@type\":\"WebSite\",\"@id\":\"https:\/\/captainsbet.co\/#website\",\"url\":\"https:\/\/captainsbet.co\/\",\"name\":\"CaptainsBet\",\"description\":\"\",\"potentialAction\":[{\"@type\":\"SearchAction\",\"target\":{\"@type\":\"EntryPoint\",\"urlTemplate\":\"https:\/\/captainsbet.co\/?s={search_term_string}\"},\"query-input\":\"required name=search_term_string\"}],\"inLanguage\":\"es\"}]}<\/script>\n<!-- \/ Yoast SEO plugin. -->","yoast_head_json":{"title":"CaptainsBet Espa\u00f1a. El mejor sitio de apuestas y casino online","description":"CaptainsBet es un sitio de apuestas y casino online l\u00edder en Espa\u00f1a. Disfrute de cuotas de apuestas competitivas y una amplia gama de juegos de tragamonedas.","robots":{"index":"index","follow":"follow","max-snippet":"max-snippet:-1","max-image-preview":"max-image-preview:large","max-video-preview":"max-video-preview:-1"},"canonical":"https:\/\/captainsbet.co\/es\/","og_locale":"es_ES","og_type":"article","og_url":"https:\/\/captainsbet.co\/es\/","og_site_name":"CaptainsBet","article_modified_time":"2025-02-06T13:03:38+00:00","schema":{"@context":"https:\/\/schema.org","@graph":[{"@type":"WebPage","@id":"https:\/\/captainsbet.co\/es\/","url":"https:\/\/captainsbet.co\/es\/","name":"CaptainsBet Espa\u00f1a. El mejor sitio de apuestas y casino online","isPartOf":{"@id":"https:\/\/captainsbet.co\/#website"},"datePublished":"2024-06-26T19:04:58+00:00","dateModified":"2025-02-06T13:03:38+00:00","description":"CaptainsBet es un sitio de apuestas y casino online l\u00edder en Espa\u00f1a. Disfrute de cuotas de apuestas competitivas y una amplia gama de juegos de tragamonedas.","breadcrumb":{"@id":"https:\/\/captainsbet.co\/es\/#breadcrumb"},"inLanguage":"es","potentialAction":[{"@type":"ReadAction","target":["https:\/\/captainsbet.co\/es\/"]}]},{"@type":"BreadcrumbList","@id":"https:\/\/captainsbet.co\/es\/#breadcrumb","itemListElement":[{"@type":"ListItem","position":1,"name":"CaptainsBet","item":"https:\/\/captainsbet.co\/es\/"},{"@type":"ListItem","position":2,"name":"Home"}]},{"@type":"WebSite","@id":"https:\/\/captainsbet.co\/#website","url":"https:\/\/captainsbet.co\/","name":"CaptainsBet","description":"","potentialAction":[{"@type":"SearchAction","target":{"@type":"EntryPoint","urlTemplate":"https:\/\/captainsbet.co\/?s={search_term_string}"},"query-input":"required name=search_term_string"}],"inLanguage":"es"}]}},"_links":{"self":[{"href":"https:\/\/captainsbet.co\/es\/wp-json\/wp\/v2\/pages\/849"}],"collection":[{"href":"https:\/\/captainsbet.co\/es\/wp-json\/wp\/v2\/pages"}],"about":[{"href":"https:\/\/captainsbet.co\/es\/wp-json\/wp\/v2\/types\/page"}],"author":[{"embeddable":true,"href":"https:\/\/captainsbet.co\/es\/wp-json\/wp\/v2\/users\/1"}],"replies":[{"embeddable":true,"href":"https:\/\/captainsbet.co\/es\/wp-json\/wp\/v2\/comments?post=849"}],"version-history":[{"count":13,"href":"https:\/\/captainsbet.co\/es\/wp-json\/wp\/v2\/pages\/849\/revisions"}],"predecessor-version":[{"id":1059,"href":"https:\/\/captainsbet.co\/es\/wp-json\/wp\/v2\/pages\/849\/revisions\/1059"}],"wp:attachment":[{"href":"https:\/\/captainsbet.co\/es\/wp-json\/wp\/v2\/media?parent=849"}],"curies":[{"name":"wp","href":"https:\/\/api.w.org\/{rel}","templated":true}]}}