{"id":1089,"date":"2025-03-18T10:25:51","date_gmt":"2025-03-18T10:25:51","guid":{"rendered":"https:\/\/captainsbet.co\/?page_id=1089"},"modified":"2025-03-21T09:40:17","modified_gmt":"2025-03-21T09:40:17","slug":"app","status":"publish","type":"page","link":"https:\/\/captainsbet.co\/fr\/app\/","title":{"rendered":"CaptainsBet App"},"content":{"rendered":"\n<h1 class=\"wp-block-heading\"><strong>CaptainsBet App \u2013 Application La Meilleure Appli de Paris et de Casino<\/strong><\/h1>\n\n\n<div class=\"wp-block-image\">\n<figure class=\"aligncenter size-full\"><img loading=\"lazy\" decoding=\"async\" width=\"800\" height=\"400\" src=\"https:\/\/captainsbet.co\/wp-content\/uploads\/2025\/03\/Download-CaptainsBet-App-for-Ultimate-Convenience.jpg\" alt=\"CaptainsBet App\" class=\"wp-image-1071\" srcset=\"https:\/\/captainsbet.co\/wp-content\/uploads\/2025\/03\/Download-CaptainsBet-App-for-Ultimate-Convenience.jpg 800w, https:\/\/captainsbet.co\/wp-content\/uploads\/2025\/03\/Download-CaptainsBet-App-for-Ultimate-Convenience-300x150.jpg 300w, https:\/\/captainsbet.co\/wp-content\/uploads\/2025\/03\/Download-CaptainsBet-App-for-Ultimate-Convenience-768x384.jpg 768w\" sizes=\"(max-width: 800px) 100vw, 800px\" \/><\/figure><\/div>\n\n\n<p>Pour le plus grand bonheur des parieurs camerounais et ivoiriens, <strong>CaptainsBet App<\/strong> propose d\u00e9sormais une application de paris. Disponible uniquement sur Android, l\u2019application CaptainsBet est facile \u00e0 utiliser et reprend toutes les fonctionnalit\u00e9s ainsi que l\u2019int\u00e9gralit\u00e9 de l\u2019offre sportive et de divertissement de l\u2019op\u00e9rateur. Voici l\u2019essentiel \u00e0 savoir sur les processus d\u2019inscription et de connexion apr\u00e8s le t\u00e9l\u00e9chargement de l\u2019application CaptainsBet.<\/p>\n\n\n\n<div style=\"width: 90%; max-width: 800px; margin: 20px auto; padding: 20px; border: 3px solid #b02d2d; background-color: #142840; color: #fff; font-family: Arial, sans-serif; box-shadow: 0px 0px 10px #b02d2d; border-radius: 10px; padding: 20px;\">\n\n    <h2 style=\"text-align: center; color: #ffcc00;\">\ud83d\udcf1 CaptainsBet App &#8211; Fonctionnalit\u00e9s &#038; Exigences Syst\u00e8me<\/h2>\n\n    <table style=\"width: 100%; border-collapse: collapse; background-color: white; border-radius: 10px; overflow: hidden;\">\n        <tr style=\"background-color: #b02d2d; color: white; text-align: left;\">\n            <th style=\"padding: 12px; border: 1px solid #ddd; color: white;\">\ud83d\udccc Fonctionnalit\u00e9<\/th>\n            <th style=\"padding: 12px; border: 1px solid #ddd; color: white;\">\ud83d\udd0d Description<\/th>\n        <\/tr>\n        <tr style=\"background-color: #e6e6e6; color: #000;\">\n            <td style=\"padding: 12px; border: 1px solid #ddd;\">\ud83d\udcf2 Disponibilit\u00e9<\/td>\n            <td style=\"padding: 12px; border: 1px solid #ddd;\">Application Android (T\u00e9l\u00e9chargeable depuis le site officiel), les utilisateurs iOS peuvent acc\u00e9der via la version web.<\/td>\n        <\/tr>\n        <tr style=\"background-color: white; color: #000;\">\n            <td style=\"padding: 12px; border: 1px solid #ddd;\">\ud83d\udcbe Taille de l&rsquo;Application<\/td>\n            <td style=\"padding: 12px; border: 1px solid #ddd;\">Environ 80 Mo<\/td>\n        <\/tr>\n        <tr style=\"background-color: #e6e6e6; color: #000;\">\n            <td style=\"padding: 12px; border: 1px solid #ddd;\">\u2699\ufe0f Exigences Syst\u00e8me<\/td>\n            <td style=\"padding: 12px; border: 1px solid #ddd;\">Android 6.0 (Marshmallow) ou sup\u00e9rieur<\/td>\n        <\/tr>\n        <tr style=\"background-color: white; color: #000;\">\n            <td style=\"padding: 12px; border: 1px solid #ddd;\">\ud83d\udcf6 Connexion Internet<\/td>\n            <td style=\"padding: 12px; border: 1px solid #ddd;\">Wi-Fi ou 4G recommand\u00e9 pour une exp\u00e9rience fluide<\/td>\n        <\/tr>\n        <tr style=\"background-color: #e6e6e6; color: #000;\">\n            <td style=\"padding: 12px; border: 1px solid #ddd;\">\ud83c\udf0d Langues support\u00e9es<\/td>\n            <td style=\"padding: 12px; border: 1px solid #ddd;\">Anglais, Fran\u00e7ais, Espagnol, Portugais<\/td>\n        <\/tr>\n        <tr style=\"background-color: white; color: #000;\">\n            <td style=\"padding: 12px; border: 1px solid #ddd;\">\ud83c\udfb2 Types de Jeux<\/td>\n            <td style=\"padding: 12px; border: 1px solid #ddd;\">Paris sportifs, casino en direct, Aviator, eSports, machines \u00e0 sous<\/td>\n        <\/tr>\n        <tr style=\"background-color: #e6e6e6; color: #000;\">\n            <td style=\"padding: 12px; border: 1px solid #ddd;\">\ud83d\udcb3 Options de Paiement<\/td>\n            <td style=\"padding: 12px; border: 1px solid #ddd;\">Visa, MasterCard, Bitcoin, Neteller, Skrill, M-Pesa<\/td>\n        <\/tr>\n        <tr style=\"background-color: white; color: #000;\">\n            <td style=\"padding: 12px; border: 1px solid #ddd;\">\ud83c\udf81 Bonus &#038; Promotions<\/td>\n            <td style=\"padding: 12px; border: 1px solid #ddd;\">Bonus de bienvenue, cashback, tours gratuits, promotions hebdomadaires<\/td>\n        <\/tr>\n        <tr style=\"background-color: #e6e6e6; color: #000;\">\n            <td style=\"padding: 12px; border: 1px solid #ddd;\">\ud83d\udd12 S\u00e9curit\u00e9<\/td>\n            <td style=\"padding: 12px; border: 1px solid #ddd;\">Chiffrement SSL, authentification \u00e0 deux facteurs<\/td>\n        <\/tr>\n        <tr style=\"background-color: white; color: #000;\">\n            <td style=\"padding: 12px; border: 1px solid #ddd;\">\ud83d\udcde Support Client<\/td>\n            <td style=\"padding: 12px; border: 1px solid #ddd;\">Assistance par chat en direct 24\/7, email, support WhatsApp<\/td>\n        <\/tr>\n    <\/table>\n\n<\/div>\n\n\n\n<center><a class=\"btn animation after\" href=\"https:\/\/captainspartners.com\/processing\/click?btag=4656_5825\" target=\"_self\" rel=\"noopener\">t\u00e9l\u00e9charger<\/a><\/center>\n\n\n\n<h2 class=\"wp-block-heading\"><strong>Pourquoi l\u2019<\/strong><strong>application CaptainsBet<\/strong><strong> est exclusivement sur Android\u2009?<\/strong><\/h2>\n\n\n\n<p>En raison du grand nombre de personnes poss\u00e9dant des appareils fonctionnant sous Android, le bookmaker a d\u00e9cid\u00e9 de prioriser ce syst\u00e8me d\u2019exploitation. Si pour l\u2019heure, nous ne pouvons pas vous donner des d\u00e9tails pr\u00e9cis sur la date de lancement de la version pour iOS, nous pouvons n\u00e9anmoins vous confirmer que les utilisateurs de smartphone et de tablette Apple peuvent profiter des paris sportifs et des jeux de casino gr\u00e2ce au site web mobile de CaptainsBet.<\/p>\n\n\n\n<h2 class=\"wp-block-heading\"><strong>Configuration requise pour l\u2019application CaptainsBet<\/strong><\/h2>\n\n\n\n<p>Pour jouir d\u2019un fonctionnement optimal de l\u2019appli du bookmaker, votre smartphone ou tablette doit poss\u00e9der les caract\u00e9ristiques suivantes :<\/p>\n\n\n\n<ul class=\"wp-block-list\">\n<li>Un syst\u00e8me d\u2019exploitation Android 4.4 ou sup\u00e9rieur\u2009;<\/li>\n\n\n\n<li>Un espace de stockage libre de 80 Mo minimum\u2009;<\/li>\n\n\n\n<li>Un processeur Quad-core 1,4 GHz ou plus avanc\u00e9\u2009;<\/li>\n\n\n\n<li>Une m\u00e9moire RAM de 4 Go minimum\u2009;<\/li>\n\n\n\n<li>Une connexion Internet 4G ou Wi-Fi pour le pari en direct.<\/li>\n<\/ul>\n\n\n\n<p>L\u2019appli CaptainsBet n\u2019est pas gourmande et peut fonctionner de mani\u00e8re fluide sur la plupart des appareils mobiles.<\/p>\n\n\n\n<h2 class=\"wp-block-heading\"><strong>Avantages de l\u2019<\/strong><strong>appli de pari<\/strong><strong> par rapport \u00e0 la version mobile<\/strong><\/h2>\n\n\n\n<p>Comparativement au site web mobile, l\u2019appli de paris de CaptainsBet permet d\u2019acc\u00e9der aux march\u00e9s et aux machines \u00e0 sous \u00e0 jackpot en un clic. Aussi, elle reprend toutes les fonctionnalit\u00e9s du site web d\u2019origine, tout en offrant une exp\u00e9rience immersive pour les paris et le jeu mobile.<\/p>\n\n\n\n<h2 class=\"wp-block-heading\"><strong>T\u00e9l\u00e9chargement de l\u2019APK de l\u2019appli CaptainsBet pour Android<\/strong><\/h2>\n\n\n\n<p>Pour t\u00e9l\u00e9charger l\u2019application CaptainsBet, voici ce qu\u2019il faut faire :<\/p>\n\n\n\n<ol class=\"wp-block-list\">\n<li>Se rendre sur le site de l\u2019op\u00e9rateur et cliquer sur le bouton de t\u00e9l\u00e9chargement de l\u2019APK Captainsbet\u2009;<\/li>\n\n\n\n<li>Autoriser, au niveau des param\u00e8tres, l\u2019installation \u00e0 partir de sources inconnues\u2009;<\/li>\n\n\n\n<li>Installez l\u2019appli et profitez des paris sur les esports, le sport, les courses de chevaux, etc.<\/li>\n<\/ol>\n\n\n\n<center><a class=\"btn animation after\" href=\"https:\/\/captainspartners.com\/processing\/click?btag=4656_5825\" target=\"_self\" rel=\"noopener\">t\u00e9l\u00e9charger<\/a><\/center>\n\n\n\n<h2 class=\"wp-block-heading\"><strong>Comment s\u2019inscrire apr\u00e8s le <\/strong><strong>t\u00e9l\u00e9chargement de l\u2019APK de l\u2019appli CaptainsBet<\/strong><strong>\u2009?<\/strong><\/h2>\n\n\n\n<p>Une fois le t\u00e9l\u00e9chargement de l\u2019appli CaptainsBet effectu\u00e9, lancez-la et suivez ces \u00e9tapes pour ouvrir votre compte :<\/p>\n\n\n\n<ol class=\"wp-block-list\">\n<li>Cliquer sur le bouton \u00ab\u2009S\u2019inscrire\u2009\u00bb\u2009;<\/li>\n\n\n\n<li>Remplir le formulaire de cr\u00e9ation de compte (num\u00e9ro de t\u00e9l\u00e9phone, nom, pr\u00e9nom, date de naissance, etc.)<\/li>\n\n\n\n<li>Valider le compte pour commencer votre aventure.<\/li>\n<\/ol>\n\n\n\n<h2 class=\"wp-block-heading\"><strong>Processus de connexion rapide et facile sur l\u2019appli de <\/strong><strong>paris pour Android<\/strong><strong> CaptainsBet<\/strong><\/h2>\n\n\n\n<p>Pour vous connecter \u00e0 votre compte, vous devez renseigner, dans les champs correspondants, le num\u00e9ro de t\u00e9l\u00e9phone (suivi de l\u2019indicatif) et le mot de passe, fournis au moment de votre inscription. Ensuite, cliquez sur le bouton \u00ab\u2009Se Connecter\u2009\u00bb, et le tour est jou\u00e9\u2009!<\/p>\n\n\n\n<h2 class=\"wp-block-heading\"><strong>L\u2019application CaptainsBet pour les <\/strong><strong>paris sportifs<\/strong><\/h2>\n\n\n\n<p>En plus de pr\u00e9senter des cotes tr\u00e8s comp\u00e9titives, l\u2019application de paris sportifs de CaptainsBet est plut\u00f4t bien achaland\u00e9e. Elle compte plus d\u2019une quarantaine de disciplines, du football aux esports en passant par les sports virtuels et la politique. Comme toute application digne du nom, elle offre la possibilit\u00e9 de faire des paris en direct.<\/p>\n\n\n\n<h2 class=\"wp-block-heading\"><strong>L\u2019application CaptainsBet pour les jeux de <\/strong><strong>casino en ligne<\/strong><\/h2>\n\n\n\n<p>L\u2019appli de CaptainsBets fera aussi le bonheur des adeptes de baccara, de blackjack, de roulette, de poker et de machines \u00e0 sous de casino avec les quelques 6\u2009000 jeux qu\u2019elle int\u00e8gre. Toutes ces options de divertissement sont disponibles en mode instantan\u00e9, y compris les jeux de table avec croupier en direct.<\/p>\n\n\n\n<h2 class=\"wp-block-heading\"><strong>Pourquoi les fans de paris et de <\/strong><strong>machines \u00e0 sous \u00e0 jackpot<\/strong><strong> adorent l\u2019appli CaptainsBet<\/strong><\/h2>\n\n\n\n<p>On ne peut pas parler des qualit\u00e9s de l\u2019application de CaptainsBet sans \u00e9voquer ses offres de casino et promotions de paris sportifs. Entre le bonus de bienvenue, l\u2019offre du mercredi et le bonus de recharge, il y a de quoi bien renflouer son compte pour augmenter ses chances de gagner.<\/p>\n\n\n\n<h2 class=\"wp-block-heading\"><strong>FAQ sur l\u2019application CaptainsBet<\/strong><\/h2>\n\n\n\n<p><strong>Comment installer l\u2019appli CaptainsBet sur son smartphone\u2009?<\/strong><\/p>\n\n\n\n<p>Il vous suffit de t\u00e9l\u00e9charger l\u2019application sur le site de l\u2019op\u00e9rateur et d\u2019autoriser l\u2019installer \u00e0 partir de sources inconnues.<\/p>\n\n\n\n<p><strong>Quels sont les services disponibles dans l\u2019appli\u2009?<\/strong><\/p>\n\n\n\n<p>L\u2019ensemble des services et fonctionnalit\u00e9s accessibles sur le site web est aussi pr\u00e9sent sur l\u2019application, notamment le service client, les d\u00e9p\u00f4ts et les retraits, etc.<\/p>\n\n\n\n<p><strong>Des codes bonus sont-ils propos\u00e9s dans l\u2019application CaptainsBet\u2009?<\/strong><\/p>\n\n\n\n<p>Oui, vous pouvez profiter d\u2019un bonus de bienvenue et d\u2019autres promotions r\u00e9guli\u00e8res avec l\u2019application de CaptainsBet.<\/p>\n","protected":false},"excerpt":{"rendered":"<p>CaptainsBet App \u2013 Application La Meilleure Appli de Paris et de Casino Pour le plus grand bonheur des parieurs camerounais et ivoiriens, CaptainsBet App propose d\u00e9sormais une application de paris. Disponible uniquement sur Android, l\u2019application CaptainsBet est facile \u00e0 utiliser et reprend toutes les fonctionnalit\u00e9s ainsi que l\u2019int\u00e9gralit\u00e9 de l\u2019offre sportive et de divertissement de [&hellip;]<\/p>\n","protected":false},"author":1,"featured_media":0,"parent":0,"menu_order":0,"comment_status":"closed","ping_status":"closed","template":"","meta":{"footnotes":""},"class_list":["post-1089","page","type-page","status-publish","hentry"],"acf":[],"yoast_head":"<!-- This site is optimized with the Yoast SEO plugin v22.9 - https:\/\/yoast.com\/wordpress\/plugins\/seo\/ -->\n<title>T\u00e9l\u00e9chargez l&#039;Application CaptainsBet APK Officiel pour Android!<\/title>\n<meta name=\"description\" content=\"Obtenez la derni\u00e8re version de l&#039;APK CaptainsBet sur Android. T\u00e9l\u00e9chargement rapide, s\u00e9curis\u00e9 et profitez des meilleurs paris et bonus exclusifs! \ud83d\ude80\" \/>\n<meta name=\"robots\" content=\"index, follow, max-snippet:-1, max-image-preview:large, max-video-preview:-1\" \/>\n<link rel=\"canonical\" href=\"https:\/\/captainsbet.co\/fr\/app\/\" \/>\n<meta property=\"og:locale\" content=\"fr_FR\" \/>\n<meta property=\"og:type\" content=\"article\" \/>\n<meta property=\"og:url\" content=\"https:\/\/captainsbet.co\/fr\/app\/\" \/>\n<meta property=\"og:site_name\" content=\"CaptainsBet\" \/>\n<meta property=\"article:modified_time\" content=\"2025-03-21T09:40:17+00:00\" \/>\n<meta property=\"og:image\" content=\"https:\/\/captainsbet.co\/wp-content\/uploads\/2025\/03\/Download-CaptainsBet-App-for-Ultimate-Convenience.jpg\" \/>\n<meta name=\"twitter:label1\" content=\"Dur\u00e9e de lecture estim\u00e9e\" \/>\n\t<meta name=\"twitter:data1\" content=\"25 minutes\" \/>\n<script type=\"application\/ld+json\" class=\"yoast-schema-graph\">{\"@context\":\"https:\/\/schema.org\",\"@graph\":[{\"@type\":\"WebPage\",\"@id\":\"https:\/\/captainsbet.co\/fr\/app\/\",\"url\":\"https:\/\/captainsbet.co\/fr\/app\/\",\"name\":\"T\u00e9l\u00e9chargez l'Application CaptainsBet APK Officiel pour Android!\",\"isPartOf\":{\"@id\":\"https:\/\/captainsbet.co\/#website\"},\"primaryImageOfPage\":{\"@id\":\"https:\/\/captainsbet.co\/fr\/app\/#primaryimage\"},\"image\":{\"@id\":\"https:\/\/captainsbet.co\/fr\/app\/#primaryimage\"},\"thumbnailUrl\":\"https:\/\/captainsbet.co\/wp-content\/uploads\/2025\/03\/Download-CaptainsBet-App-for-Ultimate-Convenience.jpg\",\"datePublished\":\"2025-03-18T10:25:51+00:00\",\"dateModified\":\"2025-03-21T09:40:17+00:00\",\"description\":\"Obtenez la derni\u00e8re version de l'APK CaptainsBet sur Android. T\u00e9l\u00e9chargement rapide, s\u00e9curis\u00e9 et profitez des meilleurs paris et bonus exclusifs! \ud83d\ude80\",\"breadcrumb\":{\"@id\":\"https:\/\/captainsbet.co\/fr\/app\/#breadcrumb\"},\"inLanguage\":\"fr-FR\",\"potentialAction\":[{\"@type\":\"ReadAction\",\"target\":[\"https:\/\/captainsbet.co\/fr\/app\/\"]}]},{\"@type\":\"ImageObject\",\"inLanguage\":\"fr-FR\",\"@id\":\"https:\/\/captainsbet.co\/fr\/app\/#primaryimage\",\"url\":\"https:\/\/captainsbet.co\/wp-content\/uploads\/2025\/03\/Download-CaptainsBet-App-for-Ultimate-Convenience.jpg\",\"contentUrl\":\"https:\/\/captainsbet.co\/wp-content\/uploads\/2025\/03\/Download-CaptainsBet-App-for-Ultimate-Convenience.jpg\"},{\"@type\":\"BreadcrumbList\",\"@id\":\"https:\/\/captainsbet.co\/fr\/app\/#breadcrumb\",\"itemListElement\":[{\"@type\":\"ListItem\",\"position\":1,\"name\":\"CaptainsBet\",\"item\":\"https:\/\/captainsbet.co\/fr\/\"},{\"@type\":\"ListItem\",\"position\":2,\"name\":\"CaptainsBet App\"}]},{\"@type\":\"WebSite\",\"@id\":\"https:\/\/captainsbet.co\/#website\",\"url\":\"https:\/\/captainsbet.co\/\",\"name\":\"CaptainsBet\",\"description\":\"\",\"potentialAction\":[{\"@type\":\"SearchAction\",\"target\":{\"@type\":\"EntryPoint\",\"urlTemplate\":\"https:\/\/captainsbet.co\/?s={search_term_string}\"},\"query-input\":\"required name=search_term_string\"}],\"inLanguage\":\"fr-FR\"}]}<\/script>\n<!-- \/ Yoast SEO plugin. -->","yoast_head_json":{"title":"T\u00e9l\u00e9chargez l'Application CaptainsBet APK Officiel pour Android!","description":"Obtenez la derni\u00e8re version de l'APK CaptainsBet sur Android. T\u00e9l\u00e9chargement rapide, s\u00e9curis\u00e9 et profitez des meilleurs paris et bonus exclusifs! \ud83d\ude80","robots":{"index":"index","follow":"follow","max-snippet":"max-snippet:-1","max-image-preview":"max-image-preview:large","max-video-preview":"max-video-preview:-1"},"canonical":"https:\/\/captainsbet.co\/fr\/app\/","og_locale":"fr_FR","og_type":"article","og_url":"https:\/\/captainsbet.co\/fr\/app\/","og_site_name":"CaptainsBet","article_modified_time":"2025-03-21T09:40:17+00:00","og_image":[{"url":"https:\/\/captainsbet.co\/wp-content\/uploads\/2025\/03\/Download-CaptainsBet-App-for-Ultimate-Convenience.jpg"}],"twitter_misc":{"Dur\u00e9e de lecture estim\u00e9e":"25 minutes"},"schema":{"@context":"https:\/\/schema.org","@graph":[{"@type":"WebPage","@id":"https:\/\/captainsbet.co\/fr\/app\/","url":"https:\/\/captainsbet.co\/fr\/app\/","name":"T\u00e9l\u00e9chargez l'Application CaptainsBet APK Officiel pour Android!","isPartOf":{"@id":"https:\/\/captainsbet.co\/#website"},"primaryImageOfPage":{"@id":"https:\/\/captainsbet.co\/fr\/app\/#primaryimage"},"image":{"@id":"https:\/\/captainsbet.co\/fr\/app\/#primaryimage"},"thumbnailUrl":"https:\/\/captainsbet.co\/wp-content\/uploads\/2025\/03\/Download-CaptainsBet-App-for-Ultimate-Convenience.jpg","datePublished":"2025-03-18T10:25:51+00:00","dateModified":"2025-03-21T09:40:17+00:00","description":"Obtenez la derni\u00e8re version de l'APK CaptainsBet sur Android. T\u00e9l\u00e9chargement rapide, s\u00e9curis\u00e9 et profitez des meilleurs paris et bonus exclusifs! \ud83d\ude80","breadcrumb":{"@id":"https:\/\/captainsbet.co\/fr\/app\/#breadcrumb"},"inLanguage":"fr-FR","potentialAction":[{"@type":"ReadAction","target":["https:\/\/captainsbet.co\/fr\/app\/"]}]},{"@type":"ImageObject","inLanguage":"fr-FR","@id":"https:\/\/captainsbet.co\/fr\/app\/#primaryimage","url":"https:\/\/captainsbet.co\/wp-content\/uploads\/2025\/03\/Download-CaptainsBet-App-for-Ultimate-Convenience.jpg","contentUrl":"https:\/\/captainsbet.co\/wp-content\/uploads\/2025\/03\/Download-CaptainsBet-App-for-Ultimate-Convenience.jpg"},{"@type":"BreadcrumbList","@id":"https:\/\/captainsbet.co\/fr\/app\/#breadcrumb","itemListElement":[{"@type":"ListItem","position":1,"name":"CaptainsBet","item":"https:\/\/captainsbet.co\/fr\/"},{"@type":"ListItem","position":2,"name":"CaptainsBet App"}]},{"@type":"WebSite","@id":"https:\/\/captainsbet.co\/#website","url":"https:\/\/captainsbet.co\/","name":"CaptainsBet","description":"","potentialAction":[{"@type":"SearchAction","target":{"@type":"EntryPoint","urlTemplate":"https:\/\/captainsbet.co\/?s={search_term_string}"},"query-input":"required name=search_term_string"}],"inLanguage":"fr-FR"}]}},"_links":{"self":[{"href":"https:\/\/captainsbet.co\/fr\/wp-json\/wp\/v2\/pages\/1089"}],"collection":[{"href":"https:\/\/captainsbet.co\/fr\/wp-json\/wp\/v2\/pages"}],"about":[{"href":"https:\/\/captainsbet.co\/fr\/wp-json\/wp\/v2\/types\/page"}],"author":[{"embeddable":true,"href":"https:\/\/captainsbet.co\/fr\/wp-json\/wp\/v2\/users\/1"}],"replies":[{"embeddable":true,"href":"https:\/\/captainsbet.co\/fr\/wp-json\/wp\/v2\/comments?post=1089"}],"version-history":[{"count":8,"href":"https:\/\/captainsbet.co\/fr\/wp-json\/wp\/v2\/pages\/1089\/revisions"}],"predecessor-version":[{"id":1102,"href":"https:\/\/captainsbet.co\/fr\/wp-json\/wp\/v2\/pages\/1089\/revisions\/1102"}],"wp:attachment":[{"href":"https:\/\/captainsbet.co\/fr\/wp-json\/wp\/v2\/media?parent=1089"}],"curies":[{"name":"wp","href":"https:\/\/api.w.org\/{rel}","templated":true}]}}