{"id":846,"date":"2024-06-26T19:04:58","date_gmt":"2024-06-26T19:04:58","guid":{"rendered":"https:\/\/captainsbet.co\/home\/"},"modified":"2025-02-06T12:56:55","modified_gmt":"2025-02-06T12:56:55","slug":"home","status":"publish","type":"page","link":"https:\/\/captainsbet.co\/it\/","title":{"rendered":"Home"},"content":{"rendered":"","protected":false},"excerpt":{"rendered":"","protected":false},"author":1,"featured_media":0,"parent":0,"menu_order":0,"comment_status":"closed","ping_status":"closed","template":"views\/page-home.php","meta":{"footnotes":""},"class_list":["post-846","page","type-page","status-publish","hentry"],"acf":[],"yoast_head":"<!-- This site is optimized with the Yoast SEO plugin v22.9 - https:\/\/yoast.com\/wordpress\/plugins\/seo\/ -->\n<title>CaptainsBet Italia. Il miglior sito di scommesse e casin\u00f2 online<\/title>\n<meta name=\"description\" content=\"CaptainsBet Italia \u00e8 un sito di scommesse e casin\u00f2 online leader. Goditi quote di scommessa competitive e un&#039;ampia gamma di giochi di slot.\" \/>\n<meta name=\"robots\" content=\"index, follow, max-snippet:-1, max-image-preview:large, max-video-preview:-1\" \/>\n<link rel=\"canonical\" href=\"https:\/\/captainsbet.co\/it\/\" \/>\n<meta property=\"og:locale\" content=\"it_IT\" \/>\n<meta property=\"og:type\" content=\"article\" \/>\n<meta property=\"og:url\" content=\"https:\/\/captainsbet.co\/it\/\" \/>\n<meta property=\"og:site_name\" content=\"CaptainsBet\" \/>\n<meta property=\"article:modified_time\" content=\"2025-02-06T12:56:55+00:00\" \/>\n<script type=\"application\/ld+json\" class=\"yoast-schema-graph\">{\"@context\":\"https:\/\/schema.org\",\"@graph\":[{\"@type\":\"WebPage\",\"@id\":\"https:\/\/captainsbet.co\/it\/\",\"url\":\"https:\/\/captainsbet.co\/it\/\",\"name\":\"CaptainsBet Italia. Il miglior sito di scommesse e casin\u00f2 online\",\"isPartOf\":{\"@id\":\"https:\/\/captainsbet.co\/#website\"},\"datePublished\":\"2024-06-26T19:04:58+00:00\",\"dateModified\":\"2025-02-06T12:56:55+00:00\",\"description\":\"CaptainsBet Italia \u00e8 un sito di scommesse e casin\u00f2 online leader. Goditi quote di scommessa competitive e un'ampia gamma di giochi di slot.\",\"breadcrumb\":{\"@id\":\"https:\/\/captainsbet.co\/it\/#breadcrumb\"},\"inLanguage\":\"it-IT\",\"potentialAction\":[{\"@type\":\"ReadAction\",\"target\":[\"https:\/\/captainsbet.co\/it\/\"]}]},{\"@type\":\"BreadcrumbList\",\"@id\":\"https:\/\/captainsbet.co\/it\/#breadcrumb\",\"itemListElement\":[{\"@type\":\"ListItem\",\"position\":1,\"name\":\"CaptainsBet\",\"item\":\"https:\/\/captainsbet.co\/it\/\"},{\"@type\":\"ListItem\",\"position\":2,\"name\":\"Home\"}]},{\"@type\":\"WebSite\",\"@id\":\"https:\/\/captainsbet.co\/#website\",\"url\":\"https:\/\/captainsbet.co\/\",\"name\":\"CaptainsBet\",\"description\":\"\",\"potentialAction\":[{\"@type\":\"SearchAction\",\"target\":{\"@type\":\"EntryPoint\",\"urlTemplate\":\"https:\/\/captainsbet.co\/?s={search_term_string}\"},\"query-input\":\"required name=search_term_string\"}],\"inLanguage\":\"it-IT\"}]}<\/script>\n<!-- \/ Yoast SEO plugin. -->","yoast_head_json":{"title":"CaptainsBet Italia. Il miglior sito di scommesse e casin\u00f2 online","description":"CaptainsBet Italia \u00e8 un sito di scommesse e casin\u00f2 online leader. Goditi quote di scommessa competitive e un'ampia gamma di giochi di slot.","robots":{"index":"index","follow":"follow","max-snippet":"max-snippet:-1","max-image-preview":"max-image-preview:large","max-video-preview":"max-video-preview:-1"},"canonical":"https:\/\/captainsbet.co\/it\/","og_locale":"it_IT","og_type":"article","og_url":"https:\/\/captainsbet.co\/it\/","og_site_name":"CaptainsBet","article_modified_time":"2025-02-06T12:56:55+00:00","schema":{"@context":"https:\/\/schema.org","@graph":[{"@type":"WebPage","@id":"https:\/\/captainsbet.co\/it\/","url":"https:\/\/captainsbet.co\/it\/","name":"CaptainsBet Italia. Il miglior sito di scommesse e casin\u00f2 online","isPartOf":{"@id":"https:\/\/captainsbet.co\/#website"},"datePublished":"2024-06-26T19:04:58+00:00","dateModified":"2025-02-06T12:56:55+00:00","description":"CaptainsBet Italia \u00e8 un sito di scommesse e casin\u00f2 online leader. Goditi quote di scommessa competitive e un'ampia gamma di giochi di slot.","breadcrumb":{"@id":"https:\/\/captainsbet.co\/it\/#breadcrumb"},"inLanguage":"it-IT","potentialAction":[{"@type":"ReadAction","target":["https:\/\/captainsbet.co\/it\/"]}]},{"@type":"BreadcrumbList","@id":"https:\/\/captainsbet.co\/it\/#breadcrumb","itemListElement":[{"@type":"ListItem","position":1,"name":"CaptainsBet","item":"https:\/\/captainsbet.co\/it\/"},{"@type":"ListItem","position":2,"name":"Home"}]},{"@type":"WebSite","@id":"https:\/\/captainsbet.co\/#website","url":"https:\/\/captainsbet.co\/","name":"CaptainsBet","description":"","potentialAction":[{"@type":"SearchAction","target":{"@type":"EntryPoint","urlTemplate":"https:\/\/captainsbet.co\/?s={search_term_string}"},"query-input":"required name=search_term_string"}],"inLanguage":"it-IT"}]}},"_links":{"self":[{"href":"https:\/\/captainsbet.co\/it\/wp-json\/wp\/v2\/pages\/846"}],"collection":[{"href":"https:\/\/captainsbet.co\/it\/wp-json\/wp\/v2\/pages"}],"about":[{"href":"https:\/\/captainsbet.co\/it\/wp-json\/wp\/v2\/types\/page"}],"author":[{"embeddable":true,"href":"https:\/\/captainsbet.co\/it\/wp-json\/wp\/v2\/users\/1"}],"replies":[{"embeddable":true,"href":"https:\/\/captainsbet.co\/it\/wp-json\/wp\/v2\/comments?post=846"}],"version-history":[{"count":11,"href":"https:\/\/captainsbet.co\/it\/wp-json\/wp\/v2\/pages\/846\/revisions"}],"predecessor-version":[{"id":1056,"href":"https:\/\/captainsbet.co\/it\/wp-json\/wp\/v2\/pages\/846\/revisions\/1056"}],"wp:attachment":[{"href":"https:\/\/captainsbet.co\/it\/wp-json\/wp\/v2\/media?parent=846"}],"curies":[{"name":"wp","href":"https:\/\/api.w.org\/{rel}","templated":true}]}}